{"id":7567,"date":"2023-03-17T11:36:39","date_gmt":"2023-03-17T10:36:39","guid":{"rendered":"https:\/\/turtle-island.org\/impressum\/"},"modified":"2026-01-27T15:04:04","modified_gmt":"2026-01-27T14:04:04","slug":"impressum","status":"publish","type":"page","link":"https:\/\/turtle-island.org\/de\/impressum\/","title":{"rendered":"IMPRESSUM"},"content":{"rendered":"\t\t<div data-elementor-type=\"wp-page\" data-elementor-id=\"7567\" class=\"elementor elementor-7567 elementor-5451\" data-elementor-post-type=\"page\">\n\t\t\t\t\t\t<section class=\"elementor-section elementor-top-section elementor-element elementor-element-4019e34 elementor-section-height-min-height elementor-section-items-bottom elementor-section-content-top elementor-hidden-tablet elementor-hidden-mobile elementor-section-boxed elementor-section-height-default\" data-id=\"4019e34\" data-element_type=\"section\" data-e-type=\"section\" data-settings=\"{&quot;background_background&quot;:&quot;classic&quot;}\">\n\t\t\t\t\t\t<div class=\"elementor-container elementor-column-gap-default\">\n\t\t\t\t\t<div class=\"elementor-column elementor-col-100 elementor-top-column elementor-element elementor-element-9eabc84\" data-id=\"9eabc84\" data-element_type=\"column\" data-e-type=\"column\">\n\t\t\t<div class=\"elementor-widget-wrap\">\n\t\t\t\t\t\t\t<\/div>\n\t\t<\/div>\n\t\t\t\t\t<\/div>\n\t\t<\/section>\n\t\t\t\t<section class=\"elementor-section elementor-top-section elementor-element elementor-element-d13cf30 elementor-section-boxed elementor-section-height-default elementor-section-height-default\" data-id=\"d13cf30\" data-element_type=\"section\" data-e-type=\"section\">\n\t\t\t\t\t\t<div class=\"elementor-container elementor-column-gap-default\">\n\t\t\t\t\t<div class=\"elementor-column elementor-col-100 elementor-top-column elementor-element elementor-element-7f948ba\" data-id=\"7f948ba\" data-element_type=\"column\" data-e-type=\"column\">\n\t\t\t<div class=\"elementor-widget-wrap elementor-element-populated\">\n\t\t\t\t\t\t<div class=\"elementor-element elementor-element-1e8521c elementor-widget elementor-widget-spacer\" data-id=\"1e8521c\" data-element_type=\"widget\" data-e-type=\"widget\" data-widget_type=\"spacer.default\">\n\t\t\t\t<div class=\"elementor-widget-container\">\n\t\t\t\t\t\t\t<div class=\"elementor-spacer\">\n\t\t\t<div class=\"elementor-spacer-inner\"><\/div>\n\t\t<\/div>\n\t\t\t\t\t\t<\/div>\n\t\t\t\t<\/div>\n\t\t\t\t<div class=\"elementor-element elementor-element-db37130 elementor-widget elementor-widget-heading\" data-id=\"db37130\" data-element_type=\"widget\" data-e-type=\"widget\" data-widget_type=\"heading.default\">\n\t\t\t\t<div class=\"elementor-widget-container\">\n\t\t\t\t\t<h1 class=\"elementor-heading-title elementor-size-default\">Impressum<\/h1>\t\t\t\t<\/div>\n\t\t\t\t<\/div>\n\t\t\t\t<div class=\"elementor-element elementor-element-f6027a2 elementor-widget elementor-widget-spacer\" data-id=\"f6027a2\" data-element_type=\"widget\" data-e-type=\"widget\" data-widget_type=\"spacer.default\">\n\t\t\t\t<div class=\"elementor-widget-container\">\n\t\t\t\t\t\t\t<div class=\"elementor-spacer\">\n\t\t\t<div class=\"elementor-spacer-inner\"><\/div>\n\t\t<\/div>\n\t\t\t\t\t\t<\/div>\n\t\t\t\t<\/div>\n\t\t\t\t<div class=\"elementor-element elementor-element-13539d7 elementor-widget elementor-widget-text-editor\" data-id=\"13539d7\" data-element_type=\"widget\" data-e-type=\"widget\" data-widget_type=\"text-editor.default\">\n\t\t\t\t<div class=\"elementor-widget-container\">\n\t\t\t\t\t\t\t\t\t<p><span style=\"font-size: 18px;\"><span style=\"font-weight: 400;\">Turtle Island <\/span><span style=\"font-weight: 400;\">Erhaltungszucht und Forschungsstation f\u00fcr Schildkr\u00f6ten<\/span><span style=\"font-weight: 400;\"><br \/>\n<\/span><span style=\"font-weight: 400;\">Vereinsnummer: 310147063<br \/>\n<\/span><span style=\"font-weight: 400;\">Am Katzelbach 98<br \/>\n<\/span><span style=\"font-weight: 400;\">8054 Graz<br \/>\n<\/span><span style=\"font-weight: 400;\">\u00d6sterreich<\/span><\/span><\/p>\n<p><span style=\"font-weight: 400; font-size: 18px;\">Spenden an Turtle Island f\u00fcr Unternehmen oder Privatpersonen, die in \u00d6sterreich (\u00a7 4a Abs. 2 Z. 3 EstG, NT3539) bzw. den USA (steuerbefreit 501(c)(3); Steuer-ID-Nummer: 83-1706767) steuerpflichtig sind, sind steuerlich absetzbar.<\/span><\/p>\n<p><span style=\"font-size: 18px;\"><strong>Spendenkonto<\/strong><span style=\"font-weight: 400;\"><br \/>\n<\/span><span style=\"font-weight: 400;\">IBAN: AT24 1200 0100 0741 0201<\/span><span style=\"font-weight: 400;\"><br \/>\n<\/span><span style=\"font-weight: 400;\">BIC: BKAUATWW<\/span><\/span><\/p>\n<p><span style=\"font-size: 18px;\"><span style=\"font-weight: 400;\"><strong>Obmann:<\/strong><br \/>\n<\/span><span style=\"font-weight: 400;\">Peter Praschag<\/span><\/span><\/p>\n<p><span style=\"font-size: 18px;\"><b>Kontakt<br \/>\n<\/b><span style=\"font-weight: 400;\">E-Mail: <a href=\"mailto:office@turtle-island.org\" target=\"_blank\" rel=\"noopener\">office@turtle-island.org<\/a><\/span><\/span><\/p>\n<p><span style=\"font-size: 18px;\"><b>F\u00fcr den Inhalt verantwortlich<br \/>\n<\/b><span style=\"font-weight: 400;\">Turtle Island Verein<br \/>\n<\/span><span style=\"font-weight: 400;\">Am Katzelbach 98<br \/>\n<\/span><span style=\"font-weight: 400;\">8054 Graz<br \/>\n<\/span><span style=\"font-weight: 400;\">\u00d6sterreich<\/span><\/span><\/p>\n<p><strong>Bildnachweis:<\/strong><br \/>Einige der auf dieser Website gezeigten Bilder sind Teil der National Geographic Photo Ark (\u00a9 Joel Sartore\/National Geographic Photo Ark). Ein Gro\u00dfteil der Fotos sind Eigentum von Turtle Island und wurden zur Unterst\u00fctzung unserer Naturschutzarbeit aufgenommen. Bitte wende dich an uns, wenn du weitere Informationen zu bestimmten Bildnachweisen brauchst.<\/p>\n<p><strong><span style=\"font-size: 18px;\">Dieses Impressum gilt auch f\u00fcr die Social-Media-Pr\u00e4senzen und Online-Auftritte von Turtle Island.<\/span><\/strong><\/p>\n\t\t\t\t\t\t\t\t<\/div>\n\t\t\t\t<\/div>\n\t\t\t\t\t<\/div>\n\t\t<\/div>\n\t\t\t\t\t<\/div>\n\t\t<\/section>\n\t\t\t\t<\/div>\n\t\t","protected":false},"excerpt":{"rendered":"<p>Impressum Turtle Island Erhaltungszucht und Forschungsstation f\u00fcr Schildkr\u00f6ten Vereinsnummer: 310147063 Am Katzelbach 98 8054 Graz \u00d6sterreich Spenden an Turtle Island f\u00fcr Unternehmen oder Privatpersonen, die in \u00d6sterreich (\u00a7 4a Abs. 2 Z. 3 EstG, NT3539) bzw. den USA (steuerbefreit 501(c)(3); Steuer-ID-Nummer: 83-1706767) steuerpflichtig sind, sind steuerlich absetzbar. Spendenkonto IBAN: AT24 1200 0100 0741 0201 BIC: [&hellip;]<\/p>\n","protected":false},"author":8,"featured_media":0,"parent":0,"menu_order":0,"comment_status":"closed","ping_status":"closed","template":"templates\/landing.php","meta":{"footnotes":""},"class_list":["post-7567","page","type-page","status-publish","hentry","entry"],"_links":{"self":[{"href":"https:\/\/turtle-island.org\/de\/wp-json\/wp\/v2\/pages\/7567","targetHints":{"allow":["GET"]}}],"collection":[{"href":"https:\/\/turtle-island.org\/de\/wp-json\/wp\/v2\/pages"}],"about":[{"href":"https:\/\/turtle-island.org\/de\/wp-json\/wp\/v2\/types\/page"}],"author":[{"embeddable":true,"href":"https:\/\/turtle-island.org\/de\/wp-json\/wp\/v2\/users\/8"}],"replies":[{"embeddable":true,"href":"https:\/\/turtle-island.org\/de\/wp-json\/wp\/v2\/comments?post=7567"}],"version-history":[{"count":50,"href":"https:\/\/turtle-island.org\/de\/wp-json\/wp\/v2\/pages\/7567\/revisions"}],"predecessor-version":[{"id":12784,"href":"https:\/\/turtle-island.org\/de\/wp-json\/wp\/v2\/pages\/7567\/revisions\/12784"}],"wp:attachment":[{"href":"https:\/\/turtle-island.org\/de\/wp-json\/wp\/v2\/media?parent=7567"}],"curies":[{"name":"wp","href":"https:\/\/api.w.org\/{rel}","templated":true}]}}